{"id":327,"date":"2023-12-28T17:33:31","date_gmt":"2023-12-28T16:33:31","guid":{"rendered":"https:\/\/pixozzy.com\/tpvsolutions\/?page_id=327"},"modified":"2024-04-17T19:03:24","modified_gmt":"2024-04-17T17:03:24","slug":"desarrollo-de-software","status":"publish","type":"page","link":"https:\/\/www.tpvsolutions.com.mx\/portaltpvshtml24\/desarrollo-de-software\/","title":{"rendered":"Desarrollo de Software"},"content":{"rendered":"\t\t<div data-elementor-type=\"wp-page\" data-elementor-id=\"327\" class=\"elementor elementor-327\" data-elementor-post-type=\"page\">\n\t\t\t\t\t\t<section class=\"elementor-section elementor-top-section elementor-element elementor-element-69075feb elementor-section-full_width elementor-section-height-default elementor-section-height-default\" data-id=\"69075feb\" data-element_type=\"section\">\n\t\t\t\t\t\t<div class=\"elementor-container elementor-column-gap-no\">\n\t\t\t\t\t<div class=\"elementor-column elementor-col-100 elementor-top-column elementor-element elementor-element-5f707203\" data-id=\"5f707203\" data-element_type=\"column\" data-settings=\"{&quot;background_background&quot;:&quot;classic&quot;}\">\n\t\t\t<div class=\"elementor-widget-wrap elementor-element-populated\">\n\t\t\t\t\t<div class=\"elementor-background-overlay\"><\/div>\n\t\t\t\t\t\t<section class=\"elementor-section elementor-inner-section elementor-element elementor-element-41ca3d77 elementor-section-boxed elementor-section-height-default elementor-section-height-default\" data-id=\"41ca3d77\" data-element_type=\"section\">\n\t\t\t\t\t\t<div class=\"elementor-container elementor-column-gap-no\">\n\t\t\t\t\t<div class=\"elementor-column elementor-col-50 elementor-inner-column elementor-element elementor-element-87d3b94\" data-id=\"87d3b94\" data-element_type=\"column\">\n\t\t\t<div class=\"elementor-widget-wrap elementor-element-populated\">\n\t\t\t\t\t\t<div class=\"elementor-element elementor-element-a6def13 elementor-widget elementor-widget-heading\" data-id=\"a6def13\" data-element_type=\"widget\" data-widget_type=\"heading.default\">\n\t\t\t\t<div class=\"elementor-widget-container\">\n\t\t\t<style>\/*! elementor - v3.21.0 - 08-05-2024 *\/\n.elementor-heading-title{padding:0;margin:0;line-height:1}.elementor-widget-heading .elementor-heading-title[class*=elementor-size-]>a{color:inherit;font-size:inherit;line-height:inherit}.elementor-widget-heading .elementor-heading-title.elementor-size-small{font-size:15px}.elementor-widget-heading .elementor-heading-title.elementor-size-medium{font-size:19px}.elementor-widget-heading .elementor-heading-title.elementor-size-large{font-size:29px}.elementor-widget-heading .elementor-heading-title.elementor-size-xl{font-size:39px}.elementor-widget-heading .elementor-heading-title.elementor-size-xxl{font-size:59px}<\/style><h1 class=\"elementor-heading-title elementor-size-default\">Desarrollo de Software<\/h1>\t\t<\/div>\n\t\t\t\t<\/div>\n\t\t\t\t<div class=\"elementor-element elementor-element-23a4a077 elementor-widget elementor-widget-text-editor\" data-id=\"23a4a077\" data-element_type=\"widget\" data-widget_type=\"text-editor.default\">\n\t\t\t\t<div class=\"elementor-widget-container\">\n\t\t\t<style>\/*! elementor - v3.21.0 - 08-05-2024 *\/\n.elementor-widget-text-editor.elementor-drop-cap-view-stacked .elementor-drop-cap{background-color:#69727d;color:#fff}.elementor-widget-text-editor.elementor-drop-cap-view-framed .elementor-drop-cap{color:#69727d;border:3px solid;background-color:transparent}.elementor-widget-text-editor:not(.elementor-drop-cap-view-default) .elementor-drop-cap{margin-top:8px}.elementor-widget-text-editor:not(.elementor-drop-cap-view-default) .elementor-drop-cap-letter{width:1em;height:1em}.elementor-widget-text-editor .elementor-drop-cap{float:left;text-align:center;line-height:1;font-size:50px}.elementor-widget-text-editor .elementor-drop-cap-letter{display:inline-block}<\/style>\t\t\t\t<p>En <strong>TPV Solutions<\/strong>, nos dedicamos a transformar por completo su experiencia en el punto de venta a trav\u00e9s de nuestro propio sistema que pionero en desarrollo de software que permite la unificaci\u00f3n de todos sus terminales actuales y futuros a un solo versionamiento \u00fanico y personalizado.<br \/><br \/>Entendemos que cada negocio tiene sus propias particularidades y desaf\u00edos \u00fanicos, por lo que hemos perfeccionado un enfoque que se adapta perfectamente a las necesidades individuales de su empresa.<br \/><br \/><\/p><p>Nuestro equipo de expertos en desarrollo de software trabaja estrechamente con usted para comprender a fondo los aspectos espec\u00edficos de su negocio, desde sus operaciones diarias hasta sus objetivos a largo plazo. Bas\u00e1ndonos en esta comprensi\u00f3n profunda, dise\u00f1amos y desarrollamos soluciones a medida que no solo resuelven los problemas actuales, sino que tambi\u00e9n anticipan y se adaptan a las futuras necesidades de su empresa.<\/p>\t\t\t\t\t\t<\/div>\n\t\t\t\t<\/div>\n\t\t\t\t<div class=\"elementor-element elementor-element-6ef89da2 elementor-widget-divider--view-line elementor-widget elementor-widget-divider\" data-id=\"6ef89da2\" data-element_type=\"widget\" data-widget_type=\"divider.default\">\n\t\t\t\t<div class=\"elementor-widget-container\">\n\t\t\t<style>\/*! elementor - v3.21.0 - 08-05-2024 *\/\n.elementor-widget-divider{--divider-border-style:none;--divider-border-width:1px;--divider-color:#0c0d0e;--divider-icon-size:20px;--divider-element-spacing:10px;--divider-pattern-height:24px;--divider-pattern-size:20px;--divider-pattern-url:none;--divider-pattern-repeat:repeat-x}.elementor-widget-divider .elementor-divider{display:flex}.elementor-widget-divider .elementor-divider__text{font-size:15px;line-height:1;max-width:95%}.elementor-widget-divider .elementor-divider__element{margin:0 var(--divider-element-spacing);flex-shrink:0}.elementor-widget-divider .elementor-icon{font-size:var(--divider-icon-size)}.elementor-widget-divider .elementor-divider-separator{display:flex;margin:0;direction:ltr}.elementor-widget-divider--view-line_icon .elementor-divider-separator,.elementor-widget-divider--view-line_text .elementor-divider-separator{align-items:center}.elementor-widget-divider--view-line_icon .elementor-divider-separator:after,.elementor-widget-divider--view-line_icon .elementor-divider-separator:before,.elementor-widget-divider--view-line_text .elementor-divider-separator:after,.elementor-widget-divider--view-line_text .elementor-divider-separator:before{display:block;content:\"\";border-block-end:0;flex-grow:1;border-block-start:var(--divider-border-width) var(--divider-border-style) var(--divider-color)}.elementor-widget-divider--element-align-left .elementor-divider .elementor-divider-separator>.elementor-divider__svg:first-of-type{flex-grow:0;flex-shrink:100}.elementor-widget-divider--element-align-left .elementor-divider-separator:before{content:none}.elementor-widget-divider--element-align-left .elementor-divider__element{margin-left:0}.elementor-widget-divider--element-align-right .elementor-divider .elementor-divider-separator>.elementor-divider__svg:last-of-type{flex-grow:0;flex-shrink:100}.elementor-widget-divider--element-align-right .elementor-divider-separator:after{content:none}.elementor-widget-divider--element-align-right .elementor-divider__element{margin-right:0}.elementor-widget-divider--element-align-start .elementor-divider .elementor-divider-separator>.elementor-divider__svg:first-of-type{flex-grow:0;flex-shrink:100}.elementor-widget-divider--element-align-start .elementor-divider-separator:before{content:none}.elementor-widget-divider--element-align-start .elementor-divider__element{margin-inline-start:0}.elementor-widget-divider--element-align-end .elementor-divider .elementor-divider-separator>.elementor-divider__svg:last-of-type{flex-grow:0;flex-shrink:100}.elementor-widget-divider--element-align-end .elementor-divider-separator:after{content:none}.elementor-widget-divider--element-align-end .elementor-divider__element{margin-inline-end:0}.elementor-widget-divider:not(.elementor-widget-divider--view-line_text):not(.elementor-widget-divider--view-line_icon) .elementor-divider-separator{border-block-start:var(--divider-border-width) var(--divider-border-style) var(--divider-color)}.elementor-widget-divider--separator-type-pattern{--divider-border-style:none}.elementor-widget-divider--separator-type-pattern.elementor-widget-divider--view-line .elementor-divider-separator,.elementor-widget-divider--separator-type-pattern:not(.elementor-widget-divider--view-line) .elementor-divider-separator:after,.elementor-widget-divider--separator-type-pattern:not(.elementor-widget-divider--view-line) .elementor-divider-separator:before,.elementor-widget-divider--separator-type-pattern:not([class*=elementor-widget-divider--view]) .elementor-divider-separator{width:100%;min-height:var(--divider-pattern-height);-webkit-mask-size:var(--divider-pattern-size) 100%;mask-size:var(--divider-pattern-size) 100%;-webkit-mask-repeat:var(--divider-pattern-repeat);mask-repeat:var(--divider-pattern-repeat);background-color:var(--divider-color);-webkit-mask-image:var(--divider-pattern-url);mask-image:var(--divider-pattern-url)}.elementor-widget-divider--no-spacing{--divider-pattern-size:auto}.elementor-widget-divider--bg-round{--divider-pattern-repeat:round}.rtl .elementor-widget-divider .elementor-divider__text{direction:rtl}.e-con-inner>.elementor-widget-divider,.e-con>.elementor-widget-divider{width:var(--container-widget-width,100%);--flex-grow:var(--container-widget-flex-grow)}<\/style>\t\t<div class=\"elementor-divider\">\n\t\t\t<span class=\"elementor-divider-separator\">\n\t\t\t\t\t\t<\/span>\n\t\t<\/div>\n\t\t\t\t<\/div>\n\t\t\t\t<\/div>\n\t\t\t\t\t<\/div>\n\t\t<\/div>\n\t\t\t\t<div class=\"elementor-column elementor-col-50 elementor-inner-column elementor-element elementor-element-14cbeb9d\" data-id=\"14cbeb9d\" data-element_type=\"column\">\n\t\t\t<div class=\"elementor-widget-wrap elementor-element-populated\">\n\t\t\t\t\t\t<div class=\"elementor-element elementor-element-b87189d elementor-widget__width-initial elementor-absolute elementor-widget-mobile__width-initial elementor-widget elementor-widget-image\" data-id=\"b87189d\" data-element_type=\"widget\" data-settings=\"{&quot;_position&quot;:&quot;absolute&quot;}\" data-widget_type=\"image.default\">\n\t\t\t\t<div class=\"elementor-widget-container\">\n\t\t\t<style>\/*! elementor - v3.21.0 - 08-05-2024 *\/\n.elementor-widget-image{text-align:center}.elementor-widget-image a{display:inline-block}.elementor-widget-image a img[src$=\".svg\"]{width:48px}.elementor-widget-image img{vertical-align:middle;display:inline-block}<\/style>\t\t\t\t\t\t\t\t\t\t<img fetchpriority=\"high\" decoding=\"async\" width=\"1012\" height=\"462\" src=\"https:\/\/www.tpvsolutions.com.mx\/portaltpvshtml24\/wp-content\/uploads\/2023\/12\/chart-transaction-green-2.png\" class=\"attachment-full size-full wp-image-33\" alt=\"\" srcset=\"https:\/\/www.tpvsolutions.com.mx\/portaltpvshtml24\/wp-content\/uploads\/2023\/12\/chart-transaction-green-2.png 1012w, https:\/\/www.tpvsolutions.com.mx\/portaltpvshtml24\/wp-content\/uploads\/2023\/12\/chart-transaction-green-2-300x137.png 300w, https:\/\/www.tpvsolutions.com.mx\/portaltpvshtml24\/wp-content\/uploads\/2023\/12\/chart-transaction-green-2-768x351.png 768w\" sizes=\"(max-width: 1012px) 100vw, 1012px\" \/>\t\t\t\t\t\t\t\t\t\t\t\t\t<\/div>\n\t\t\t\t<\/div>\n\t\t\t\t<div class=\"elementor-element elementor-element-3fcd343e elementor-widget elementor-widget-image\" data-id=\"3fcd343e\" data-element_type=\"widget\" data-widget_type=\"image.default\">\n\t\t\t\t<div class=\"elementor-widget-container\">\n\t\t\t\t\t\t\t\t\t\t\t\t\t<img decoding=\"async\" width=\"1920\" height=\"1280\" src=\"https:\/\/www.tpvsolutions.com.mx\/portaltpvshtml24\/wp-content\/uploads\/2023\/12\/portrait-of-smiling-asian-girl-barista-standing-near-coffee-brewing-kit-making-filter-in-cafe-1-2.jpg\" class=\"attachment-full size-full wp-image-34\" alt=\"\" srcset=\"https:\/\/www.tpvsolutions.com.mx\/portaltpvshtml24\/wp-content\/uploads\/2023\/12\/portrait-of-smiling-asian-girl-barista-standing-near-coffee-brewing-kit-making-filter-in-cafe-1-2.jpg 1920w, https:\/\/www.tpvsolutions.com.mx\/portaltpvshtml24\/wp-content\/uploads\/2023\/12\/portrait-of-smiling-asian-girl-barista-standing-near-coffee-brewing-kit-making-filter-in-cafe-1-2-300x200.jpg 300w, https:\/\/www.tpvsolutions.com.mx\/portaltpvshtml24\/wp-content\/uploads\/2023\/12\/portrait-of-smiling-asian-girl-barista-standing-near-coffee-brewing-kit-making-filter-in-cafe-1-2-1024x683.jpg 1024w, https:\/\/www.tpvsolutions.com.mx\/portaltpvshtml24\/wp-content\/uploads\/2023\/12\/portrait-of-smiling-asian-girl-barista-standing-near-coffee-brewing-kit-making-filter-in-cafe-1-2-768x512.jpg 768w, https:\/\/www.tpvsolutions.com.mx\/portaltpvshtml24\/wp-content\/uploads\/2023\/12\/portrait-of-smiling-asian-girl-barista-standing-near-coffee-brewing-kit-making-filter-in-cafe-1-2-1536x1024.jpg 1536w\" sizes=\"(max-width: 1920px) 100vw, 1920px\" \/>\t\t\t\t\t\t\t\t\t\t\t\t\t<\/div>\n\t\t\t\t<\/div>\n\t\t\t\t\t<\/div>\n\t\t<\/div>\n\t\t\t\t\t<\/div>\n\t\t<\/section>\n\t\t\t\t\t<\/div>\n\t\t<\/div>\n\t\t\t\t\t<\/div>\n\t\t<\/section>\n\t\t\t\t<section class=\"elementor-section elementor-top-section elementor-element elementor-element-2b22b852 elementor-section-boxed elementor-section-height-default elementor-section-height-default\" data-id=\"2b22b852\" data-element_type=\"section\">\n\t\t\t\t\t\t<div class=\"elementor-container elementor-column-gap-no\">\n\t\t\t\t\t<div class=\"elementor-column elementor-col-100 elementor-top-column elementor-element elementor-element-fc3b768\" data-id=\"fc3b768\" data-element_type=\"column\">\n\t\t\t<div class=\"elementor-widget-wrap elementor-element-populated\">\n\t\t\t\t\t\t<div class=\"elementor-element elementor-element-5af2e4c3 elementor-widget__width-initial elementor-widget elementor-widget-heading\" data-id=\"5af2e4c3\" data-element_type=\"widget\" data-widget_type=\"heading.default\">\n\t\t\t\t<div class=\"elementor-widget-container\">\n\t\t\t<h2 class=\"elementor-heading-title elementor-size-default\">\u00bfPor Qu\u00e9 Elegir Nuestro Desarrollo de Software para TPV?<\/h2>\t\t<\/div>\n\t\t\t\t<\/div>\n\t\t\t\t\t<\/div>\n\t\t<\/div>\n\t\t\t\t\t<\/div>\n\t\t<\/section>\n\t\t\t\t<section class=\"elementor-section elementor-top-section elementor-element elementor-element-6f05d4da elementor-section-boxed elementor-section-height-default elementor-section-height-default\" data-id=\"6f05d4da\" data-element_type=\"section\">\n\t\t\t\t\t\t<div class=\"elementor-container elementor-column-gap-no\">\n\t\t\t\t\t<div class=\"elementor-column elementor-col-50 elementor-top-column elementor-element elementor-element-526a51d1 elementor-invisible\" data-id=\"526a51d1\" data-element_type=\"column\" data-settings=\"{&quot;animation&quot;:&quot;fadeInLeft&quot;}\">\n\t\t\t<div class=\"elementor-widget-wrap elementor-element-populated\">\n\t\t\t\t\t\t<div class=\"elementor-element elementor-element-7a516fac elementor-widget elementor-widget-text-editor\" data-id=\"7a516fac\" data-element_type=\"widget\" data-widget_type=\"text-editor.default\">\n\t\t\t\t<div class=\"elementor-widget-container\">\n\t\t\t\t\t\t\t<p>Con una combinaci\u00f3n de tecnolog\u00eda de vanguardia, metodolog\u00edas \u00e1giles y un enfoque centrado en el cliente, creamos aplicaciones de punto de venta que no solo son intuitivas y f\u00e1ciles de usar, sino tambi\u00e9n potentes y escalables. Desde la integraci\u00f3n de sistemas hasta la personalizaci\u00f3n de funciones espec\u00edficas, estamos comprometidos a proporcionarle una soluci\u00f3n integral que mejore la eficiencia operativa, impulse el crecimiento de los comercios y garantice una experiencia \u00f3ptima para sus clientes<\/p><p>Nuestra misi\u00f3n es superar sus expectativas y ayudarlo a alcanzar el m\u00e1ximo potencial de su negocio en el competitivo mundo del comercio. Conf\u00ede en nosotros para llevar su punto de venta al siguiente nivel con nuestro enfoque innovador y soluciones personalizadas que est\u00e1n dise\u00f1adas exclusivamente para usted.<\/p><ul><li>Nuestros productos en software permiten la unificaci\u00f3n de su stock de terminales punto de venta ofreciendo una sola versi\u00f3n sin importar las familias o marcas que tenga en existencia.<\/li><li>Agregamos un control \u00e1gil, y sin comprometer la integridad de estas.<\/li><li>Optimizamos sus tiempos de innovaci\u00f3n al manejar una sola versi\u00f3n con nuestro sistema.<\/li><li>Nuestros clientes tienen gran apertura al seleccionar nuevos modelos para sus necesidades ya que no implica mas versiones en su stock de versiones.\u00a0<\/li><li>La gesti\u00f3n del versionamiento jam\u00e1s fue tan f\u00e1cil y r\u00e1pida.<\/li><\/ul>\t\t\t\t\t\t<\/div>\n\t\t\t\t<\/div>\n\t\t\t\t\t<\/div>\n\t\t<\/div>\n\t\t\t\t<div class=\"elementor-column elementor-col-50 elementor-top-column elementor-element elementor-element-1896f01a elementor-invisible\" data-id=\"1896f01a\" data-element_type=\"column\" data-settings=\"{&quot;animation&quot;:&quot;fadeInRight&quot;}\">\n\t\t\t<div class=\"elementor-widget-wrap elementor-element-populated\">\n\t\t\t\t\t\t<div class=\"elementor-element elementor-element-465d5c15 elementor-widget__width-initial elementor-absolute elementor-widget-mobile__width-initial elementor-widget elementor-widget-image\" data-id=\"465d5c15\" data-element_type=\"widget\" data-settings=\"{&quot;_position&quot;:&quot;absolute&quot;}\" data-widget_type=\"image.default\">\n\t\t\t\t<div class=\"elementor-widget-container\">\n\t\t\t\t\t\t\t\t\t\t\t\t\t<img decoding=\"async\" width=\"716\" height=\"798\" src=\"https:\/\/www.tpvsolutions.com.mx\/portaltpvshtml24\/wp-content\/uploads\/2023\/12\/revenue-2.png\" class=\"attachment-full size-full wp-image-16\" alt=\"\" srcset=\"https:\/\/www.tpvsolutions.com.mx\/portaltpvshtml24\/wp-content\/uploads\/2023\/12\/revenue-2.png 716w, https:\/\/www.tpvsolutions.com.mx\/portaltpvshtml24\/wp-content\/uploads\/2023\/12\/revenue-2-269x300.png 269w\" sizes=\"(max-width: 716px) 100vw, 716px\" \/>\t\t\t\t\t\t\t\t\t\t\t\t\t<\/div>\n\t\t\t\t<\/div>\n\t\t\t\t<div class=\"elementor-element elementor-element-1edfa063 elementor-widget elementor-widget-image\" data-id=\"1edfa063\" data-element_type=\"widget\" data-widget_type=\"image.default\">\n\t\t\t\t<div class=\"elementor-widget-container\">\n\t\t\t\t\t\t\t\t\t\t\t\t\t<img loading=\"lazy\" decoding=\"async\" width=\"1920\" height=\"1280\" src=\"https:\/\/www.tpvsolutions.com.mx\/portaltpvshtml24\/wp-content\/uploads\/2023\/12\/smiling-asian-girl-barista-working-in-cafe-servi-2023-01-11-22-29-44-utc-2.jpg\" class=\"attachment-full size-full wp-image-51\" alt=\"\" srcset=\"https:\/\/www.tpvsolutions.com.mx\/portaltpvshtml24\/wp-content\/uploads\/2023\/12\/smiling-asian-girl-barista-working-in-cafe-servi-2023-01-11-22-29-44-utc-2.jpg 1920w, https:\/\/www.tpvsolutions.com.mx\/portaltpvshtml24\/wp-content\/uploads\/2023\/12\/smiling-asian-girl-barista-working-in-cafe-servi-2023-01-11-22-29-44-utc-2-300x200.jpg 300w, https:\/\/www.tpvsolutions.com.mx\/portaltpvshtml24\/wp-content\/uploads\/2023\/12\/smiling-asian-girl-barista-working-in-cafe-servi-2023-01-11-22-29-44-utc-2-1024x683.jpg 1024w, https:\/\/www.tpvsolutions.com.mx\/portaltpvshtml24\/wp-content\/uploads\/2023\/12\/smiling-asian-girl-barista-working-in-cafe-servi-2023-01-11-22-29-44-utc-2-768x512.jpg 768w, https:\/\/www.tpvsolutions.com.mx\/portaltpvshtml24\/wp-content\/uploads\/2023\/12\/smiling-asian-girl-barista-working-in-cafe-servi-2023-01-11-22-29-44-utc-2-1536x1024.jpg 1536w\" sizes=\"(max-width: 1920px) 100vw, 1920px\" \/>\t\t\t\t\t\t\t\t\t\t\t\t\t<\/div>\n\t\t\t\t<\/div>\n\t\t\t\t\t<\/div>\n\t\t<\/div>\n\t\t\t\t\t<\/div>\n\t\t<\/section>\n\t\t<div class=\"elementor-element elementor-element-f48b057 e-flex e-con-boxed e-con e-parent\" data-id=\"f48b057\" data-element_type=\"container\">\n\t\t\t\t\t<div class=\"e-con-inner\">\n\t\t<div class=\"elementor-element elementor-element-774825d e-con-full e-flex elementor-invisible e-con e-child\" data-id=\"774825d\" data-element_type=\"container\" data-settings=\"{&quot;animation&quot;:&quot;fadeInLeft&quot;}\">\n\t\t\t\t<div class=\"elementor-element elementor-element-9881ab8 jkit-equal-height-enable elementor-widget elementor-widget-jkit_icon_box\" data-id=\"9881ab8\" data-element_type=\"widget\" data-widget_type=\"jkit_icon_box.default\">\n\t\t\t\t<div class=\"elementor-widget-container\">\n\t\t\t<div  class=\"jeg-elementor-kit jkit-icon-box icon-position- elementor-animation- jeg_module___69d03b5c11cb7\" ><div class=\"jkit-icon-box-wrapper hover-from-left\"><div class=\"icon-box icon-box-header elementor-animation-\"><div class=\"icon style-color\"><i aria-hidden=\"true\" class=\"jki jki-shield-alt-solid\"><\/i><\/div><\/div><div class=\"icon-box icon-box-body\">\n                <h2 class=\"title\">Seguridad y Confiabilidad<\/h2><p class=\"icon-box-description\">Entendemos la importancia de la seguridad en las transacciones y datos de clientes, por eso ofrecemos soluciones que garantizan la protecci\u00f3n y confiabilidad que su negocio necesita.<\/p>\n            <\/div>\n            \n            <\/div><\/div>\t\t<\/div>\n\t\t\t\t<\/div>\n\t\t\t\t<\/div>\n\t\t<div class=\"elementor-element elementor-element-5a3dc5b e-con-full e-flex elementor-invisible e-con e-child\" data-id=\"5a3dc5b\" data-element_type=\"container\" data-settings=\"{&quot;animation&quot;:&quot;fadeInUp&quot;}\">\n\t\t\t\t<div class=\"elementor-element elementor-element-934b3f1 jkit-equal-height-enable elementor-widget elementor-widget-jkit_icon_box\" data-id=\"934b3f1\" data-element_type=\"widget\" data-widget_type=\"jkit_icon_box.default\">\n\t\t\t\t<div class=\"elementor-widget-container\">\n\t\t\t<div  class=\"jeg-elementor-kit jkit-icon-box icon-position-top elementor-animation- jeg_module__1_69d03b5c12828\" ><div class=\"jkit-icon-box-wrapper hover-from-left\"><div class=\"icon-box icon-box-header elementor-animation-\"><div class=\"icon style-color\"><i aria-hidden=\"true\" class=\"jki jki-users2-light\"><\/i><\/div><\/div><div class=\"icon-box icon-box-body\">\n                <h2 class=\"title\">Soporte y Capacitaci\u00f3n Continua<\/h2><p class=\"icon-box-description\">No solo le entregamos un producto, sino que le acompa\u00f1amos en cada paso, ofreciendo soporte t\u00e9cnico y capacitaciones para garantizar que obtenga el m\u00e1ximo beneficio de su inversi\u00f3n.<\/p>\n            <\/div>\n            \n            <\/div><\/div>\t\t<\/div>\n\t\t\t\t<\/div>\n\t\t\t\t<\/div>\n\t\t<div class=\"elementor-element elementor-element-82c78a3 e-con-full e-flex elementor-invisible e-con e-child\" data-id=\"82c78a3\" data-element_type=\"container\" data-settings=\"{&quot;animation&quot;:&quot;fadeInRight&quot;}\">\n\t\t\t\t<div class=\"elementor-element elementor-element-08fabad jkit-equal-height-enable elementor-widget elementor-widget-jkit_icon_box\" data-id=\"08fabad\" data-element_type=\"widget\" data-widget_type=\"jkit_icon_box.default\">\n\t\t\t\t<div class=\"elementor-widget-container\">\n\t\t\t<div  class=\"jeg-elementor-kit jkit-icon-box icon-position-top elementor-animation- jeg_module__2_69d03b5c134c7\" ><div class=\"jkit-icon-box-wrapper hover-from-left\"><div class=\"icon-box icon-box-header elementor-animation-\"><div class=\"icon style-color\"><i aria-hidden=\"true\" class=\"jki jki-right-mark-light\"><\/i><\/div><\/div><div class=\"icon-box icon-box-body\">\n                <h2 class=\"title\">Facilidad de Uso<\/h2><p class=\"icon-box-description\">Creamos interfaces intuitivas y f\u00e1ciles de usar, asegurando que su equipo pueda aprovechar al m\u00e1ximo el software desde el primer d\u00eda.<\/p>\n            <\/div>\n            \n            <\/div><\/div>\t\t<\/div>\n\t\t\t\t<\/div>\n\t\t\t\t<\/div>\n\t\t\t\t\t<\/div>\n\t\t\t\t<\/div>\n\t\t<div class=\"elementor-element elementor-element-61dff61 e-flex e-con-boxed e-con e-parent\" data-id=\"61dff61\" data-element_type=\"container\" data-settings=\"{&quot;background_background&quot;:&quot;classic&quot;}\">\n\t\t\t\t\t<div class=\"e-con-inner\">\n\t\t\t\t<div class=\"elementor-element elementor-element-780d189 elementor-view-default elementor-widget elementor-widget-icon\" data-id=\"780d189\" data-element_type=\"widget\" data-widget_type=\"icon.default\">\n\t\t\t\t<div class=\"elementor-widget-container\">\n\t\t\t\t\t<div class=\"elementor-icon-wrapper\">\n\t\t\t<div class=\"elementor-icon\">\n\t\t\t<i aria-hidden=\"true\" class=\"jki jki-rocket-light\"><\/i>\t\t\t<\/div>\n\t\t<\/div>\n\t\t\t\t<\/div>\n\t\t\t\t<\/div>\n\t\t\t\t<div class=\"elementor-element elementor-element-c05d8a6 elementor-widget elementor-widget-heading\" data-id=\"c05d8a6\" data-element_type=\"widget\" data-widget_type=\"heading.default\">\n\t\t\t\t<div class=\"elementor-widget-container\">\n\t\t\t<h2 class=\"elementor-heading-title elementor-size-default\">Impulse Su Negocio con Nuestro Software de TPV<\/h2>\t\t<\/div>\n\t\t\t\t<\/div>\n\t\t\t\t<div class=\"elementor-element elementor-element-0867aba elementor-widget elementor-widget-text-editor\" data-id=\"0867aba\" data-element_type=\"widget\" data-widget_type=\"text-editor.default\">\n\t\t\t\t<div class=\"elementor-widget-container\">\n\t\t\t\t\t\t\t<p>Ya sea que est\u00e9 buscando mejorar la experiencia de sus clientes, aumentar<br>&nbsp;la eficiencia de sus operaciones o simplemente llevar su negocio<br>&nbsp;al siguiente nivel, nuestro servicio de desarrollo de software <br>para TPV es la soluci\u00f3n que necesita. <\/p>\n<p>Cont\u00e1ctenos hoy y d\u00e9 el primer paso hacia<br>&nbsp;la transformaci\u00f3n de su punto de venta.<\/p>\n<p>\u00a1Con<strong> TPV Solutions<\/strong>, el futuro del comercio est\u00e1 en sus manos!<\/p>\t\t\t\t\t\t<\/div>\n\t\t\t\t<\/div>\n\t\t\t\t\t<\/div>\n\t\t\t\t<\/div>\n\t\t\t\t<\/div>\n\t\t","protected":false},"excerpt":{"rendered":"<p>Desarrollo de Software En TPV Solutions, nos dedicamos a transformar por completo su experiencia en el punto de venta a trav\u00e9s de nuestro propio sistema que pionero en desarrollo de software que permite la unificaci\u00f3n de todos sus terminales actuales y futuros a un solo versionamiento \u00fanico y personalizado. Entendemos que cada negocio tiene sus [&hellip;]<\/p>\n","protected":false},"author":2,"featured_media":0,"parent":0,"menu_order":0,"comment_status":"closed","ping_status":"closed","template":"","meta":{"footnotes":""},"class_list":["post-327","page","type-page","status-publish","hentry"],"_links":{"self":[{"href":"https:\/\/www.tpvsolutions.com.mx\/portaltpvshtml24\/wp-json\/wp\/v2\/pages\/327","targetHints":{"allow":["GET"]}}],"collection":[{"href":"https:\/\/www.tpvsolutions.com.mx\/portaltpvshtml24\/wp-json\/wp\/v2\/pages"}],"about":[{"href":"https:\/\/www.tpvsolutions.com.mx\/portaltpvshtml24\/wp-json\/wp\/v2\/types\/page"}],"author":[{"embeddable":true,"href":"https:\/\/www.tpvsolutions.com.mx\/portaltpvshtml24\/wp-json\/wp\/v2\/users\/2"}],"replies":[{"embeddable":true,"href":"https:\/\/www.tpvsolutions.com.mx\/portaltpvshtml24\/wp-json\/wp\/v2\/comments?post=327"}],"version-history":[{"count":57,"href":"https:\/\/www.tpvsolutions.com.mx\/portaltpvshtml24\/wp-json\/wp\/v2\/pages\/327\/revisions"}],"predecessor-version":[{"id":686,"href":"https:\/\/www.tpvsolutions.com.mx\/portaltpvshtml24\/wp-json\/wp\/v2\/pages\/327\/revisions\/686"}],"wp:attachment":[{"href":"https:\/\/www.tpvsolutions.com.mx\/portaltpvshtml24\/wp-json\/wp\/v2\/media?parent=327"}],"curies":[{"name":"wp","href":"https:\/\/api.w.org\/{rel}","templated":true}]}}