{"id":387,"date":"2023-12-28T23:44:22","date_gmt":"2023-12-28T22:44:22","guid":{"rendered":"https:\/\/pixozzy.com\/tpvsolutions\/?page_id=387"},"modified":"2024-04-17T18:58:46","modified_gmt":"2024-04-17T16:58:46","slug":"administracion-remota-de-tpvs","status":"publish","type":"page","link":"https:\/\/www.tpvsolutions.com.mx\/portaltpvshtml24\/administracion-remota-de-tpvs\/","title":{"rendered":"Administraci\u00f3n remota de TPV&#8217;s"},"content":{"rendered":"\t\t<div data-elementor-type=\"wp-page\" data-elementor-id=\"387\" class=\"elementor elementor-387\" data-elementor-post-type=\"page\">\n\t\t\t\t\t\t<section class=\"elementor-section elementor-top-section elementor-element elementor-element-69075feb elementor-section-full_width elementor-section-height-default elementor-section-height-default\" data-id=\"69075feb\" data-element_type=\"section\">\n\t\t\t\t\t\t<div class=\"elementor-container elementor-column-gap-no\">\n\t\t\t\t\t<div class=\"elementor-column elementor-col-100 elementor-top-column elementor-element elementor-element-5f707203\" data-id=\"5f707203\" data-element_type=\"column\" data-settings=\"{&quot;background_background&quot;:&quot;classic&quot;}\">\n\t\t\t<div class=\"elementor-widget-wrap elementor-element-populated\">\n\t\t\t\t\t<div class=\"elementor-background-overlay\"><\/div>\n\t\t\t\t\t\t<section class=\"elementor-section elementor-inner-section elementor-element elementor-element-41ca3d77 elementor-section-boxed elementor-section-height-default elementor-section-height-default\" data-id=\"41ca3d77\" data-element_type=\"section\">\n\t\t\t\t\t\t<div class=\"elementor-container elementor-column-gap-no\">\n\t\t\t\t\t<div class=\"elementor-column elementor-col-50 elementor-inner-column elementor-element elementor-element-87d3b94\" data-id=\"87d3b94\" data-element_type=\"column\">\n\t\t\t<div class=\"elementor-widget-wrap elementor-element-populated\">\n\t\t\t\t\t\t<div class=\"elementor-element elementor-element-a6def13 elementor-widget elementor-widget-heading\" data-id=\"a6def13\" data-element_type=\"widget\" data-widget_type=\"heading.default\">\n\t\t\t\t<div class=\"elementor-widget-container\">\n\t\t\t<style>\/*! elementor - v3.21.0 - 08-05-2024 *\/\n.elementor-heading-title{padding:0;margin:0;line-height:1}.elementor-widget-heading .elementor-heading-title[class*=elementor-size-]>a{color:inherit;font-size:inherit;line-height:inherit}.elementor-widget-heading .elementor-heading-title.elementor-size-small{font-size:15px}.elementor-widget-heading .elementor-heading-title.elementor-size-medium{font-size:19px}.elementor-widget-heading .elementor-heading-title.elementor-size-large{font-size:29px}.elementor-widget-heading .elementor-heading-title.elementor-size-xl{font-size:39px}.elementor-widget-heading .elementor-heading-title.elementor-size-xxl{font-size:59px}<\/style><h1 class=\"elementor-heading-title elementor-size-default\">Administraci\u00f3n Remota de TPVs: Eficiencia y Control al Alcance de su Mano<\/h1>\t\t<\/div>\n\t\t\t\t<\/div>\n\t\t\t\t<div class=\"elementor-element elementor-element-23a4a077 elementor-widget elementor-widget-text-editor\" data-id=\"23a4a077\" data-element_type=\"widget\" data-widget_type=\"text-editor.default\">\n\t\t\t\t<div class=\"elementor-widget-container\">\n\t\t\t<style>\/*! elementor - v3.21.0 - 08-05-2024 *\/\n.elementor-widget-text-editor.elementor-drop-cap-view-stacked .elementor-drop-cap{background-color:#69727d;color:#fff}.elementor-widget-text-editor.elementor-drop-cap-view-framed .elementor-drop-cap{color:#69727d;border:3px solid;background-color:transparent}.elementor-widget-text-editor:not(.elementor-drop-cap-view-default) .elementor-drop-cap{margin-top:8px}.elementor-widget-text-editor:not(.elementor-drop-cap-view-default) .elementor-drop-cap-letter{width:1em;height:1em}.elementor-widget-text-editor .elementor-drop-cap{float:left;text-align:center;line-height:1;font-size:50px}.elementor-widget-text-editor .elementor-drop-cap-letter{display:inline-block}<\/style>\t\t\t\t<p>En la era digital en la que vivimos, la capacidad de administrar de manera eficiente y remota sus <strong>Terminales de Punto de Venta (TPVs)<\/strong> se ha convertido en un factor cr\u00edtico para el \u00e9xito de cualquier negocio. En <strong>TPV Solutions<\/strong>, entendemos la importancia de esta necesidad y nos enorgullece ofrecer una soluci\u00f3n innovadora que no solo aborda esta demanda, sino que la lleva al siguiente nivel.<\/p><p>Nuestra plataforma de <strong>Administraci\u00f3n Remota de TPVs<\/strong> representa la vanguardia en tecnolog\u00eda de gesti\u00f3n para puntos de pago. <br \/><br \/>Dise\u00f1ada para ser intuitiva y f\u00e1cil de usar, esta soluci\u00f3n le permite acceder y controlar sus configuraciones de punto de venta desde cualquier lugar y en cualquier momento. Ya no est\u00e1 limitado por la ubicaci\u00f3n f\u00edsica de su negocio.<\/p>\t\t\t\t\t\t<\/div>\n\t\t\t\t<\/div>\n\t\t\t\t<div class=\"elementor-element elementor-element-6ef89da2 elementor-widget-divider--view-line elementor-widget elementor-widget-divider\" data-id=\"6ef89da2\" data-element_type=\"widget\" data-widget_type=\"divider.default\">\n\t\t\t\t<div class=\"elementor-widget-container\">\n\t\t\t<style>\/*! elementor - v3.21.0 - 08-05-2024 *\/\n.elementor-widget-divider{--divider-border-style:none;--divider-border-width:1px;--divider-color:#0c0d0e;--divider-icon-size:20px;--divider-element-spacing:10px;--divider-pattern-height:24px;--divider-pattern-size:20px;--divider-pattern-url:none;--divider-pattern-repeat:repeat-x}.elementor-widget-divider .elementor-divider{display:flex}.elementor-widget-divider .elementor-divider__text{font-size:15px;line-height:1;max-width:95%}.elementor-widget-divider .elementor-divider__element{margin:0 var(--divider-element-spacing);flex-shrink:0}.elementor-widget-divider .elementor-icon{font-size:var(--divider-icon-size)}.elementor-widget-divider .elementor-divider-separator{display:flex;margin:0;direction:ltr}.elementor-widget-divider--view-line_icon .elementor-divider-separator,.elementor-widget-divider--view-line_text .elementor-divider-separator{align-items:center}.elementor-widget-divider--view-line_icon .elementor-divider-separator:after,.elementor-widget-divider--view-line_icon .elementor-divider-separator:before,.elementor-widget-divider--view-line_text .elementor-divider-separator:after,.elementor-widget-divider--view-line_text .elementor-divider-separator:before{display:block;content:\"\";border-block-end:0;flex-grow:1;border-block-start:var(--divider-border-width) var(--divider-border-style) var(--divider-color)}.elementor-widget-divider--element-align-left .elementor-divider .elementor-divider-separator>.elementor-divider__svg:first-of-type{flex-grow:0;flex-shrink:100}.elementor-widget-divider--element-align-left .elementor-divider-separator:before{content:none}.elementor-widget-divider--element-align-left .elementor-divider__element{margin-left:0}.elementor-widget-divider--element-align-right .elementor-divider .elementor-divider-separator>.elementor-divider__svg:last-of-type{flex-grow:0;flex-shrink:100}.elementor-widget-divider--element-align-right .elementor-divider-separator:after{content:none}.elementor-widget-divider--element-align-right .elementor-divider__element{margin-right:0}.elementor-widget-divider--element-align-start .elementor-divider .elementor-divider-separator>.elementor-divider__svg:first-of-type{flex-grow:0;flex-shrink:100}.elementor-widget-divider--element-align-start .elementor-divider-separator:before{content:none}.elementor-widget-divider--element-align-start .elementor-divider__element{margin-inline-start:0}.elementor-widget-divider--element-align-end .elementor-divider .elementor-divider-separator>.elementor-divider__svg:last-of-type{flex-grow:0;flex-shrink:100}.elementor-widget-divider--element-align-end .elementor-divider-separator:after{content:none}.elementor-widget-divider--element-align-end .elementor-divider__element{margin-inline-end:0}.elementor-widget-divider:not(.elementor-widget-divider--view-line_text):not(.elementor-widget-divider--view-line_icon) .elementor-divider-separator{border-block-start:var(--divider-border-width) var(--divider-border-style) var(--divider-color)}.elementor-widget-divider--separator-type-pattern{--divider-border-style:none}.elementor-widget-divider--separator-type-pattern.elementor-widget-divider--view-line .elementor-divider-separator,.elementor-widget-divider--separator-type-pattern:not(.elementor-widget-divider--view-line) .elementor-divider-separator:after,.elementor-widget-divider--separator-type-pattern:not(.elementor-widget-divider--view-line) .elementor-divider-separator:before,.elementor-widget-divider--separator-type-pattern:not([class*=elementor-widget-divider--view]) .elementor-divider-separator{width:100%;min-height:var(--divider-pattern-height);-webkit-mask-size:var(--divider-pattern-size) 100%;mask-size:var(--divider-pattern-size) 100%;-webkit-mask-repeat:var(--divider-pattern-repeat);mask-repeat:var(--divider-pattern-repeat);background-color:var(--divider-color);-webkit-mask-image:var(--divider-pattern-url);mask-image:var(--divider-pattern-url)}.elementor-widget-divider--no-spacing{--divider-pattern-size:auto}.elementor-widget-divider--bg-round{--divider-pattern-repeat:round}.rtl .elementor-widget-divider .elementor-divider__text{direction:rtl}.e-con-inner>.elementor-widget-divider,.e-con>.elementor-widget-divider{width:var(--container-widget-width,100%);--flex-grow:var(--container-widget-flex-grow)}<\/style>\t\t<div class=\"elementor-divider\">\n\t\t\t<span class=\"elementor-divider-separator\">\n\t\t\t\t\t\t<\/span>\n\t\t<\/div>\n\t\t\t\t<\/div>\n\t\t\t\t<\/div>\n\t\t\t\t\t<\/div>\n\t\t<\/div>\n\t\t\t\t<div class=\"elementor-column elementor-col-50 elementor-inner-column elementor-element elementor-element-14cbeb9d\" data-id=\"14cbeb9d\" data-element_type=\"column\">\n\t\t\t<div class=\"elementor-widget-wrap elementor-element-populated\">\n\t\t\t\t\t\t<div class=\"elementor-element elementor-element-b87189d elementor-widget__width-initial elementor-absolute elementor-widget-mobile__width-initial elementor-widget elementor-widget-image\" data-id=\"b87189d\" data-element_type=\"widget\" data-settings=\"{&quot;_position&quot;:&quot;absolute&quot;}\" data-widget_type=\"image.default\">\n\t\t\t\t<div class=\"elementor-widget-container\">\n\t\t\t<style>\/*! elementor - v3.21.0 - 08-05-2024 *\/\n.elementor-widget-image{text-align:center}.elementor-widget-image a{display:inline-block}.elementor-widget-image a img[src$=\".svg\"]{width:48px}.elementor-widget-image img{vertical-align:middle;display:inline-block}<\/style>\t\t\t\t\t\t\t\t\t\t<img fetchpriority=\"high\" decoding=\"async\" width=\"1012\" height=\"462\" src=\"https:\/\/www.tpvsolutions.com.mx\/portaltpvshtml24\/wp-content\/uploads\/2023\/12\/chart-transaction-green-2.png\" class=\"attachment-full size-full wp-image-33\" alt=\"\" srcset=\"https:\/\/www.tpvsolutions.com.mx\/portaltpvshtml24\/wp-content\/uploads\/2023\/12\/chart-transaction-green-2.png 1012w, https:\/\/www.tpvsolutions.com.mx\/portaltpvshtml24\/wp-content\/uploads\/2023\/12\/chart-transaction-green-2-300x137.png 300w, https:\/\/www.tpvsolutions.com.mx\/portaltpvshtml24\/wp-content\/uploads\/2023\/12\/chart-transaction-green-2-768x351.png 768w\" sizes=\"(max-width: 1012px) 100vw, 1012px\" \/>\t\t\t\t\t\t\t\t\t\t\t\t\t<\/div>\n\t\t\t\t<\/div>\n\t\t\t\t<div class=\"elementor-element elementor-element-3fcd343e elementor-widget elementor-widget-image\" data-id=\"3fcd343e\" data-element_type=\"widget\" data-widget_type=\"image.default\">\n\t\t\t\t<div class=\"elementor-widget-container\">\n\t\t\t\t\t\t\t\t\t\t\t\t\t<img decoding=\"async\" width=\"1920\" height=\"1280\" src=\"https:\/\/www.tpvsolutions.com.mx\/portaltpvshtml24\/wp-content\/uploads\/2023\/12\/adminRemota.webp\" class=\"attachment-full size-full wp-image-390\" alt=\"\" srcset=\"https:\/\/www.tpvsolutions.com.mx\/portaltpvshtml24\/wp-content\/uploads\/2023\/12\/adminRemota.webp 1920w, https:\/\/www.tpvsolutions.com.mx\/portaltpvshtml24\/wp-content\/uploads\/2023\/12\/adminRemota-300x200.webp 300w, https:\/\/www.tpvsolutions.com.mx\/portaltpvshtml24\/wp-content\/uploads\/2023\/12\/adminRemota-1024x683.webp 1024w, https:\/\/www.tpvsolutions.com.mx\/portaltpvshtml24\/wp-content\/uploads\/2023\/12\/adminRemota-768x512.webp 768w, https:\/\/www.tpvsolutions.com.mx\/portaltpvshtml24\/wp-content\/uploads\/2023\/12\/adminRemota-1536x1024.webp 1536w\" sizes=\"(max-width: 1920px) 100vw, 1920px\" \/>\t\t\t\t\t\t\t\t\t\t\t\t\t<\/div>\n\t\t\t\t<\/div>\n\t\t\t\t\t<\/div>\n\t\t<\/div>\n\t\t\t\t\t<\/div>\n\t\t<\/section>\n\t\t\t\t\t<\/div>\n\t\t<\/div>\n\t\t\t\t\t<\/div>\n\t\t<\/section>\n\t\t\t\t<section class=\"elementor-section elementor-top-section elementor-element elementor-element-2b22b852 elementor-section-boxed elementor-section-height-default elementor-section-height-default\" data-id=\"2b22b852\" data-element_type=\"section\">\n\t\t\t\t\t\t<div class=\"elementor-container elementor-column-gap-no\">\n\t\t\t\t\t<div class=\"elementor-column elementor-col-100 elementor-top-column elementor-element elementor-element-fc3b768\" data-id=\"fc3b768\" data-element_type=\"column\">\n\t\t\t<div class=\"elementor-widget-wrap elementor-element-populated\">\n\t\t\t\t\t\t<div class=\"elementor-element elementor-element-5af2e4c3 elementor-widget__width-initial elementor-widget elementor-widget-heading\" data-id=\"5af2e4c3\" data-element_type=\"widget\" data-widget_type=\"heading.default\">\n\t\t\t\t<div class=\"elementor-widget-container\">\n\t\t\t<h2 class=\"elementor-heading-title elementor-size-default\">Maximice su Potencial con Administraci\u00f3n Remota de TPVs<\/h2>\t\t<\/div>\n\t\t\t\t<\/div>\n\t\t\t\t\t<\/div>\n\t\t<\/div>\n\t\t\t\t\t<\/div>\n\t\t<\/section>\n\t\t\t\t<section class=\"elementor-section elementor-top-section elementor-element elementor-element-6f05d4da elementor-section-boxed elementor-section-height-default elementor-section-height-default\" data-id=\"6f05d4da\" data-element_type=\"section\">\n\t\t\t\t\t\t<div class=\"elementor-container elementor-column-gap-no\">\n\t\t\t\t\t<div class=\"elementor-column elementor-col-50 elementor-top-column elementor-element elementor-element-526a51d1 elementor-invisible\" data-id=\"526a51d1\" data-element_type=\"column\" data-settings=\"{&quot;animation&quot;:&quot;fadeInLeft&quot;}\">\n\t\t\t<div class=\"elementor-widget-wrap elementor-element-populated\">\n\t\t\t\t\t\t<div class=\"elementor-element elementor-element-7a516fac elementor-widget elementor-widget-text-editor\" data-id=\"7a516fac\" data-element_type=\"widget\" data-widget_type=\"text-editor.default\">\n\t\t\t\t<div class=\"elementor-widget-container\">\n\t\t\t\t\t\t\t<p><strong>\u00bfQu\u00e9 significa esto para usted?<\/strong><br \/><br \/>Significa que tiene el control total de sus terminales de forma tan particular o general como usted lo necesite. Desde la gesti\u00f3n de inventario hasta la generaci\u00f3n de informes sobre los equipos, desde la configuraci\u00f3n de promociones hasta la supervisi\u00f3n de los accesos del personal, nuestra plataforma le brinda todas las herramientas que necesita para tomar decisiones informadas y estrat\u00e9gicas en tiempo real.<\/p><p>Pero nuestra plataforma no se trata solo de administraci\u00f3n y control; tambi\u00e9n se trata de empoderamiento y crecimiento. Al eliminar las barreras geogr\u00e1ficas y temporales, le brindamos la libertad y la flexibilidad necesarias para expandir su negocio y llegar a nuevos mercados de manera m\u00e1s eficiente. Ya sea que tenga un solo giro o una variedad de servicios, nuestra plataforma de Administraci\u00f3n Remota de TPVs le proporciona la escalabilidad que necesita para hacer crecer su negocio de manera sostenible y rentable.<\/p><p>En <strong>TPV Solutions<\/strong>, estamos comprometidos a ofrecerle no solo una soluci\u00f3n tecnol\u00f3gica, sino una asociaci\u00f3n a largo plazo que le permita alcanzar sus objetivos comerciales con confianza y \u00e9xito. \u00danase a nosotros en el futuro de la gesti\u00f3n de pagos con nuestra plataforma de Administraci\u00f3n Remota de TPVs y descubra el poder de tener sus terminales en la palma de su mano.<\/p>\t\t\t\t\t\t<\/div>\n\t\t\t\t<\/div>\n\t\t\t\t\t<\/div>\n\t\t<\/div>\n\t\t\t\t<div class=\"elementor-column elementor-col-50 elementor-top-column elementor-element elementor-element-1896f01a elementor-invisible\" data-id=\"1896f01a\" data-element_type=\"column\" data-settings=\"{&quot;animation&quot;:&quot;fadeInRight&quot;}\">\n\t\t\t<div class=\"elementor-widget-wrap elementor-element-populated\">\n\t\t\t\t\t\t<div class=\"elementor-element elementor-element-1edfa063 elementor-widget elementor-widget-image\" data-id=\"1edfa063\" data-element_type=\"widget\" data-widget_type=\"image.default\">\n\t\t\t\t<div class=\"elementor-widget-container\">\n\t\t\t\t\t\t\t\t\t\t\t\t\t<img decoding=\"async\" width=\"1920\" height=\"1280\" src=\"https:\/\/www.tpvsolutions.com.mx\/portaltpvshtml24\/wp-content\/uploads\/2023\/12\/adminRemota2.webp\" class=\"attachment-full size-full wp-image-395\" alt=\"\" srcset=\"https:\/\/www.tpvsolutions.com.mx\/portaltpvshtml24\/wp-content\/uploads\/2023\/12\/adminRemota2.webp 1920w, https:\/\/www.tpvsolutions.com.mx\/portaltpvshtml24\/wp-content\/uploads\/2023\/12\/adminRemota2-300x200.webp 300w, https:\/\/www.tpvsolutions.com.mx\/portaltpvshtml24\/wp-content\/uploads\/2023\/12\/adminRemota2-1024x683.webp 1024w, https:\/\/www.tpvsolutions.com.mx\/portaltpvshtml24\/wp-content\/uploads\/2023\/12\/adminRemota2-768x512.webp 768w, https:\/\/www.tpvsolutions.com.mx\/portaltpvshtml24\/wp-content\/uploads\/2023\/12\/adminRemota2-1536x1024.webp 1536w\" sizes=\"(max-width: 1920px) 100vw, 1920px\" \/>\t\t\t\t\t\t\t\t\t\t\t\t\t<\/div>\n\t\t\t\t<\/div>\n\t\t\t\t\t<\/div>\n\t\t<\/div>\n\t\t\t\t\t<\/div>\n\t\t<\/section>\n\t\t<div class=\"elementor-element elementor-element-f48b057 e-flex e-con-boxed e-con e-parent\" data-id=\"f48b057\" data-element_type=\"container\">\n\t\t\t\t\t<div class=\"e-con-inner\">\n\t\t<div class=\"elementor-element elementor-element-774825d e-con-full e-flex elementor-invisible e-con e-child\" data-id=\"774825d\" data-element_type=\"container\" data-settings=\"{&quot;animation&quot;:&quot;fadeInLeft&quot;}\">\n\t\t\t\t<div class=\"elementor-element elementor-element-9881ab8 jkit-equal-height-enable elementor-widget elementor-widget-jkit_icon_box\" data-id=\"9881ab8\" data-element_type=\"widget\" data-widget_type=\"jkit_icon_box.default\">\n\t\t\t\t<div class=\"elementor-widget-container\">\n\t\t\t<div  class=\"jeg-elementor-kit jkit-icon-box icon-position-top elementor-animation- jeg_module___69d03b5b39c76\" ><div class=\"jkit-icon-box-wrapper hover-from-left\"><div class=\"icon-box icon-box-header elementor-animation-\"><div class=\"icon style-color\"><i aria-hidden=\"true\" class=\"jki jki-settings-2-light\"><\/i><\/div><\/div><div class=\"icon-box icon-box-body\">\n                <h2 class=\"title\">Integraci\u00f3n Sin Fisuras<\/h2><p class=\"icon-box-description\">Nuestra soluci\u00f3n se integra sin problemas con una amplia gama de aplicaciones y sistemas de gesti\u00f3n empresarial, mejorando la eficiencia y simplificando sus procesos comerciales.<\/p>\n            <\/div>\n            \n            <\/div><\/div>\t\t<\/div>\n\t\t\t\t<\/div>\n\t\t\t\t<\/div>\n\t\t<div class=\"elementor-element elementor-element-5a3dc5b e-con-full e-flex elementor-invisible e-con e-child\" data-id=\"5a3dc5b\" data-element_type=\"container\" data-settings=\"{&quot;animation&quot;:&quot;fadeInUp&quot;}\">\n\t\t\t\t<div class=\"elementor-element elementor-element-934b3f1 jkit-equal-height-enable elementor-widget elementor-widget-jkit_icon_box\" data-id=\"934b3f1\" data-element_type=\"widget\" data-widget_type=\"jkit_icon_box.default\">\n\t\t\t\t<div class=\"elementor-widget-container\">\n\t\t\t<div  class=\"jeg-elementor-kit jkit-icon-box icon-position- elementor-animation- jeg_module__1_69d03b5b3a7fa\" ><div class=\"jkit-icon-box-wrapper hover-from-left\"><div class=\"icon-box icon-box-header elementor-animation-\"><div class=\"icon style-color\"><i aria-hidden=\"true\" class=\"jki jki-Support-2-light\"><\/i><\/div><\/div><div class=\"icon-box icon-box-body\">\n                <h2 class=\"title\">Soporte T\u00e9cnico Excepcional<\/h2><p class=\"icon-box-description\">Contamos con un equipo de expertos disponibles para ofrecerle asistencia y resolver cualquier inquietud, garantizando que su sistema funcione sin problemas.<\/p>\n            <\/div>\n            \n            <\/div><\/div>\t\t<\/div>\n\t\t\t\t<\/div>\n\t\t\t\t<\/div>\n\t\t<div class=\"elementor-element elementor-element-82c78a3 e-con-full e-flex elementor-invisible e-con e-child\" data-id=\"82c78a3\" data-element_type=\"container\" data-settings=\"{&quot;animation&quot;:&quot;fadeInRight&quot;}\">\n\t\t\t\t<div class=\"elementor-element elementor-element-08fabad jkit-equal-height-enable elementor-widget elementor-widget-jkit_icon_box\" data-id=\"08fabad\" data-element_type=\"widget\" data-widget_type=\"jkit_icon_box.default\">\n\t\t\t\t<div class=\"elementor-widget-container\">\n\t\t\t<div  class=\"jeg-elementor-kit jkit-icon-box icon-position- elementor-animation- jeg_module__2_69d03b5b3b386\" ><div class=\"jkit-icon-box-wrapper hover-from-left\"><div class=\"icon-box icon-box-header elementor-animation-\"><div class=\"icon style-color\"><i aria-hidden=\"true\" class=\"jki jki-tab-light\"><\/i><\/div><\/div><div class=\"icon-box icon-box-body\">\n                <h2 class=\"title\">Personalizaci\u00f3n y Escalabilidad<\/h2><p class=\"icon-box-description\">Nuestro sistema es altamente personalizable y escalable. Se adapta perfectamente a las necesidades de su negocio, ya sea un peque\u00f1o comercio o una cadena de tiendas.<\/p>\n            <\/div>\n            \n            <\/div><\/div>\t\t<\/div>\n\t\t\t\t<\/div>\n\t\t\t\t<\/div>\n\t\t\t\t\t<\/div>\n\t\t\t\t<\/div>\n\t\t<div class=\"elementor-element elementor-element-61dff61 e-flex e-con-boxed e-con e-parent\" data-id=\"61dff61\" data-element_type=\"container\" data-settings=\"{&quot;background_background&quot;:&quot;classic&quot;}\">\n\t\t\t\t\t<div class=\"e-con-inner\">\n\t\t\t\t<div class=\"elementor-element elementor-element-780d189 elementor-view-default elementor-widget elementor-widget-icon\" data-id=\"780d189\" data-element_type=\"widget\" data-widget_type=\"icon.default\">\n\t\t\t\t<div class=\"elementor-widget-container\">\n\t\t\t\t\t<div class=\"elementor-icon-wrapper\">\n\t\t\t<div class=\"elementor-icon\">\n\t\t\t<i aria-hidden=\"true\" class=\"jki jki-select-light\"><\/i>\t\t\t<\/div>\n\t\t<\/div>\n\t\t\t\t<\/div>\n\t\t\t\t<\/div>\n\t\t\t\t<div class=\"elementor-element elementor-element-c05d8a6 elementor-widget elementor-widget-heading\" data-id=\"c05d8a6\" data-element_type=\"widget\" data-widget_type=\"heading.default\">\n\t\t\t\t<div class=\"elementor-widget-container\">\n\t\t\t<h2 class=\"elementor-heading-title elementor-size-default\">Revolucione la Gesti\u00f3n de su Negocio<br> con Nuestra Administraci\u00f3n Remota de TPVs<\/h2>\t\t<\/div>\n\t\t\t\t<\/div>\n\t\t\t\t<div class=\"elementor-element elementor-element-0867aba elementor-widget elementor-widget-text-editor\" data-id=\"0867aba\" data-element_type=\"widget\" data-widget_type=\"text-editor.default\">\n\t\t\t\t<div class=\"elementor-widget-container\">\n\t\t\t\t\t\t\t<p>La administraci\u00f3n remota de TPVs de <strong>TPV Solutions,<\/strong>&nbsp;no es solo una herramienta, <br>es un aliado estrat\u00e9gico en el crecimiento y la optimizaci\u00f3n de su negocio. <\/p>\n<p>Con nuestra soluci\u00f3n, tendr\u00e1 el control total, <br>la eficiencia operativa y la tranquilidad que necesita <br>para enfocarse en lo m\u00e1s importante: el crecimiento <br>y \u00e9xito de su empresa. <br><span style=\"font-family: var( --e-global-typography-text-font-family ), Sans-serif; font-size: var( --e-global-typography-text-font-size ); font-weight: var( --e-global-typography-text-font-weight ); background-color: var( --e-global-color-efde536 );\"><br>Contacte con nosotros hoy mismo<br><\/span><span style=\"font-family: var( --e-global-typography-text-font-family ), Sans-serif; font-size: var( --e-global-typography-text-font-size ); font-weight: var( --e-global-typography-text-font-weight ); background-color: var( --e-global-color-efde536 );\">y descubra c\u00f3mo la administraci\u00f3n remota<br><\/span><span style=\"font-family: var( --e-global-typography-text-font-family ), Sans-serif; font-size: var( --e-global-typography-text-font-size ); font-weight: var( --e-global-typography-text-font-weight ); background-color: var( --e-global-color-efde536 );\">de TPVs puede transformar su negocio.<\/span><\/p>\t\t\t\t\t\t<\/div>\n\t\t\t\t<\/div>\n\t\t\t\t\t<\/div>\n\t\t\t\t<\/div>\n\t\t\t\t<\/div>\n\t\t","protected":false},"excerpt":{"rendered":"<p>Administraci\u00f3n Remota de TPVs: Eficiencia y Control al Alcance de su Mano En la era digital en la que vivimos, la capacidad de administrar de manera eficiente y remota sus Terminales de Punto de Venta (TPVs) se ha convertido en un factor cr\u00edtico para el \u00e9xito de cualquier negocio. En TPV Solutions, entendemos la importancia [&hellip;]<\/p>\n","protected":false},"author":2,"featured_media":0,"parent":0,"menu_order":0,"comment_status":"closed","ping_status":"closed","template":"","meta":{"footnotes":""},"class_list":["post-387","page","type-page","status-publish","hentry"],"_links":{"self":[{"href":"https:\/\/www.tpvsolutions.com.mx\/portaltpvshtml24\/wp-json\/wp\/v2\/pages\/387","targetHints":{"allow":["GET"]}}],"collection":[{"href":"https:\/\/www.tpvsolutions.com.mx\/portaltpvshtml24\/wp-json\/wp\/v2\/pages"}],"about":[{"href":"https:\/\/www.tpvsolutions.com.mx\/portaltpvshtml24\/wp-json\/wp\/v2\/types\/page"}],"author":[{"embeddable":true,"href":"https:\/\/www.tpvsolutions.com.mx\/portaltpvshtml24\/wp-json\/wp\/v2\/users\/2"}],"replies":[{"embeddable":true,"href":"https:\/\/www.tpvsolutions.com.mx\/portaltpvshtml24\/wp-json\/wp\/v2\/comments?post=387"}],"version-history":[{"count":22,"href":"https:\/\/www.tpvsolutions.com.mx\/portaltpvshtml24\/wp-json\/wp\/v2\/pages\/387\/revisions"}],"predecessor-version":[{"id":683,"href":"https:\/\/www.tpvsolutions.com.mx\/portaltpvshtml24\/wp-json\/wp\/v2\/pages\/387\/revisions\/683"}],"wp:attachment":[{"href":"https:\/\/www.tpvsolutions.com.mx\/portaltpvshtml24\/wp-json\/wp\/v2\/media?parent=387"}],"curies":[{"name":"wp","href":"https:\/\/api.w.org\/{rel}","templated":true}]}}