{"id":512,"date":"2023-12-29T03:43:05","date_gmt":"2023-12-29T02:43:05","guid":{"rendered":"https:\/\/pixozzy.com\/tpvsolutions\/?page_id=512"},"modified":"2024-05-20T19:52:47","modified_gmt":"2024-05-20T17:52:47","slug":"contactenos","status":"publish","type":"page","link":"https:\/\/www.tpvsolutions.com.mx\/portaltpvshtml24\/contactenos\/","title":{"rendered":"Cont\u00e1ctenos"},"content":{"rendered":"\t\t<div data-elementor-type=\"wp-page\" data-elementor-id=\"512\" class=\"elementor elementor-512\" data-elementor-post-type=\"page\">\n\t\t\t\t<div class=\"elementor-element elementor-element-24a043c e-con-full e-flex e-con e-parent\" data-id=\"24a043c\" data-element_type=\"container\">\n\t\t<div class=\"elementor-element elementor-element-945bd82 e-con-full e-flex e-con e-child\" data-id=\"945bd82\" data-element_type=\"container\" data-settings=\"{&quot;background_background&quot;:&quot;classic&quot;}\">\n\t\t\t\t<div class=\"elementor-element elementor-element-df40497 elementor-widget elementor-widget-heading\" data-id=\"df40497\" data-element_type=\"widget\" data-widget_type=\"heading.default\">\n\t\t\t\t<div class=\"elementor-widget-container\">\n\t\t\t<style>\/*! elementor - v3.21.0 - 08-05-2024 *\/\n.elementor-heading-title{padding:0;margin:0;line-height:1}.elementor-widget-heading .elementor-heading-title[class*=elementor-size-]>a{color:inherit;font-size:inherit;line-height:inherit}.elementor-widget-heading .elementor-heading-title.elementor-size-small{font-size:15px}.elementor-widget-heading .elementor-heading-title.elementor-size-medium{font-size:19px}.elementor-widget-heading .elementor-heading-title.elementor-size-large{font-size:29px}.elementor-widget-heading .elementor-heading-title.elementor-size-xl{font-size:39px}.elementor-widget-heading .elementor-heading-title.elementor-size-xxl{font-size:59px}<\/style><h1 class=\"elementor-heading-title elementor-size-default\">Analicemos sus requisitos<\/h1>\t\t<\/div>\n\t\t\t\t<\/div>\n\t\t\t\t<div class=\"elementor-element elementor-element-6e9eb93 elementor-widget elementor-widget-text-editor\" data-id=\"6e9eb93\" data-element_type=\"widget\" data-widget_type=\"text-editor.default\">\n\t\t\t\t<div class=\"elementor-widget-container\">\n\t\t\t<style>\/*! elementor - v3.21.0 - 08-05-2024 *\/\n.elementor-widget-text-editor.elementor-drop-cap-view-stacked .elementor-drop-cap{background-color:#69727d;color:#fff}.elementor-widget-text-editor.elementor-drop-cap-view-framed .elementor-drop-cap{color:#69727d;border:3px solid;background-color:transparent}.elementor-widget-text-editor:not(.elementor-drop-cap-view-default) .elementor-drop-cap{margin-top:8px}.elementor-widget-text-editor:not(.elementor-drop-cap-view-default) .elementor-drop-cap-letter{width:1em;height:1em}.elementor-widget-text-editor .elementor-drop-cap{float:left;text-align:center;line-height:1;font-size:50px}.elementor-widget-text-editor .elementor-drop-cap-letter{display:inline-block}<\/style>\t\t\t\t<p>Somos una empresa mexicana de capital privada, fundada en el 2008 especialista en Terminales Punto de Venta.\u00a0<\/p>\t\t\t\t\t\t<\/div>\n\t\t\t\t<\/div>\n\t\t<div class=\"elementor-element elementor-element-381074f e-flex e-con-boxed e-con e-child\" data-id=\"381074f\" data-element_type=\"container\">\n\t\t\t\t\t<div class=\"e-con-inner\">\n\t\t<div class=\"elementor-element elementor-element-a1a27c4 e-flex e-con-boxed e-con e-child\" data-id=\"a1a27c4\" data-element_type=\"container\">\n\t\t\t\t\t<div class=\"e-con-inner\">\n\t\t\t\t<div class=\"elementor-element elementor-element-2f02439 jkit-equal-height-disable elementor-widget elementor-widget-jkit_icon_box\" data-id=\"2f02439\" data-element_type=\"widget\" data-widget_type=\"jkit_icon_box.default\">\n\t\t\t\t<div class=\"elementor-widget-container\">\n\t\t\t<div  class=\"jeg-elementor-kit jkit-icon-box icon-position-top elementor-animation- jeg_module___69d03b95f07bb\" ><div class=\"jkit-icon-box-wrapper hover-from-left\"><div class=\"icon-box icon-box-header elementor-animation-\"><div class=\"icon style-color\"><img fetchpriority=\"high\" decoding=\"async\" width=\"420\" height=\"420\" src=\"https:\/\/www.tpvsolutions.com.mx\/portaltpvshtml24\/wp-content\/uploads\/2023\/12\/letter-box-1-2.png\" class=\"attachment-full size-full\" alt=\"Correo electr\u00f3nico\" url=\"https:\/\/www.tpvsolutions.com.mx\/portaltpvshtml24\/wp-content\/uploads\/2023\/12\/letter-box-1-2.png\" srcset=\"https:\/\/www.tpvsolutions.com.mx\/portaltpvshtml24\/wp-content\/uploads\/2023\/12\/letter-box-1-2.png 420w, https:\/\/www.tpvsolutions.com.mx\/portaltpvshtml24\/wp-content\/uploads\/2023\/12\/letter-box-1-2-300x300.png 300w, https:\/\/www.tpvsolutions.com.mx\/portaltpvshtml24\/wp-content\/uploads\/2023\/12\/letter-box-1-2-150x150.png 150w\" sizes=\"(max-width: 420px) 100vw, 420px\" \/><\/div><\/div><div class=\"icon-box icon-box-body\">\n                <h3 class=\"title\">Correo electr\u00f3nico<\/h3><p class=\"icon-box-description\">info@tpvsolutions.com.mx<\/p>\n            <\/div>\n            \n            <\/div><\/div>\t\t<\/div>\n\t\t\t\t<\/div>\n\t\t\t\t\t<\/div>\n\t\t\t\t<\/div>\n\t\t<div class=\"elementor-element elementor-element-968be28 e-flex e-con-boxed e-con e-child\" data-id=\"968be28\" data-element_type=\"container\">\n\t\t\t\t\t<div class=\"e-con-inner\">\n\t\t\t\t<div class=\"elementor-element elementor-element-5ceb5f7 jkit-equal-height-disable elementor-widget elementor-widget-jkit_icon_box\" data-id=\"5ceb5f7\" data-element_type=\"widget\" data-widget_type=\"jkit_icon_box.default\">\n\t\t\t\t<div class=\"elementor-widget-container\">\n\t\t\t<div  class=\"jeg-elementor-kit jkit-icon-box icon-position-top elementor-animation- jeg_module__1_69d03b95f1593\" ><div class=\"jkit-icon-box-wrapper hover-from-left\"><div class=\"icon-box icon-box-header elementor-animation-\"><div class=\"icon style-color\"><img decoding=\"async\" width=\"420\" height=\"420\" src=\"https:\/\/www.tpvsolutions.com.mx\/portaltpvshtml24\/wp-content\/uploads\/2023\/12\/talking-1-2.png\" class=\"attachment-full size-full\" alt=\"Tel\u00e9fonos\" url=\"https:\/\/www.tpvsolutions.com.mx\/portaltpvshtml24\/wp-content\/uploads\/2023\/12\/talking-1-2.png\" srcset=\"https:\/\/www.tpvsolutions.com.mx\/portaltpvshtml24\/wp-content\/uploads\/2023\/12\/talking-1-2.png 420w, https:\/\/www.tpvsolutions.com.mx\/portaltpvshtml24\/wp-content\/uploads\/2023\/12\/talking-1-2-300x300.png 300w, https:\/\/www.tpvsolutions.com.mx\/portaltpvshtml24\/wp-content\/uploads\/2023\/12\/talking-1-2-150x150.png 150w\" sizes=\"(max-width: 420px) 100vw, 420px\" \/><\/div><\/div><div class=\"icon-box icon-box-body\">\n                <h3 class=\"title\">Tel\u00e9fonos<\/h3><p class=\"icon-box-description\">Oficina: (55) 5279-6360<\/p>\n            <\/div>\n            \n            <\/div><\/div>\t\t<\/div>\n\t\t\t\t<\/div>\n\t\t\t\t\t<\/div>\n\t\t\t\t<\/div>\n\t\t<div class=\"elementor-element elementor-element-96a7856 e-flex e-con-boxed e-con e-child\" data-id=\"96a7856\" data-element_type=\"container\">\n\t\t\t\t\t<div class=\"e-con-inner\">\n\t\t\t\t<div class=\"elementor-element elementor-element-486fd04 jkit-equal-height-disable elementor-widget elementor-widget-jkit_icon_box\" data-id=\"486fd04\" data-element_type=\"widget\" data-widget_type=\"jkit_icon_box.default\">\n\t\t\t\t<div class=\"elementor-widget-container\">\n\t\t\t<div  class=\"jeg-elementor-kit jkit-icon-box icon-position-top elementor-animation- jeg_module__2_69d03b95f22b3\" ><div class=\"jkit-icon-box-wrapper hover-from-left\"><div class=\"icon-box icon-box-header elementor-animation-\"><div class=\"icon style-color\"><img decoding=\"async\" width=\"420\" height=\"420\" src=\"https:\/\/www.tpvsolutions.com.mx\/portaltpvshtml24\/wp-content\/uploads\/2023\/12\/instruction-1-2.png\" class=\"attachment-full size-full\" alt=\"Nuestra oficina\" url=\"https:\/\/www.tpvsolutions.com.mx\/portaltpvshtml24\/wp-content\/uploads\/2023\/12\/instruction-1-2.png\" srcset=\"https:\/\/www.tpvsolutions.com.mx\/portaltpvshtml24\/wp-content\/uploads\/2023\/12\/instruction-1-2.png 420w, https:\/\/www.tpvsolutions.com.mx\/portaltpvshtml24\/wp-content\/uploads\/2023\/12\/instruction-1-2-300x300.png 300w, https:\/\/www.tpvsolutions.com.mx\/portaltpvshtml24\/wp-content\/uploads\/2023\/12\/instruction-1-2-150x150.png 150w\" sizes=\"(max-width: 420px) 100vw, 420px\" \/><\/div><\/div><div class=\"icon-box icon-box-body\">\n                <h3 class=\"title\">Nuestra oficina<\/h3><p class=\"icon-box-description\">Seneca 43, Col. Polanco, <br \/>\nMiguel Hidalgo<br \/>\nCiudad de M\u00e9xico CDMX., <br \/>\nC.P. 11530.<br \/>\n<\/p>\n            <\/div>\n            \n            <\/div><\/div>\t\t<\/div>\n\t\t\t\t<\/div>\n\t\t\t\t\t<\/div>\n\t\t\t\t<\/div>\n\t\t\t\t\t<\/div>\n\t\t\t\t<\/div>\n\t\t\t\t<\/div>\n\t\t\t\t<\/div>\n\t\t<div class=\"elementor-element elementor-element-091fb4b e-flex e-con-boxed e-con e-parent\" data-id=\"091fb4b\" data-element_type=\"container\">\n\t\t\t\t\t<div class=\"e-con-inner\">\n\t\t\t\t\t<\/div>\n\t\t\t\t<\/div>\n\t\t\t\t<\/div>\n\t\t","protected":false},"excerpt":{"rendered":"<p>Analicemos sus requisitos Somos una empresa mexicana de capital privada, fundada en el 2008 especialista en Terminales Punto de Venta.\u00a0 Correo electr\u00f3nico info@tpvsolutions.com.mx Tel\u00e9fonos Oficina: (55) 5279-6360 Nuestra oficina Seneca 43, Col. Polanco, Miguel Hidalgo Ciudad de M\u00e9xico CDMX., C.P. 11530.<\/p>\n","protected":false},"author":2,"featured_media":0,"parent":0,"menu_order":0,"comment_status":"closed","ping_status":"closed","template":"","meta":{"footnotes":""},"class_list":["post-512","page","type-page","status-publish","hentry"],"_links":{"self":[{"href":"https:\/\/www.tpvsolutions.com.mx\/portaltpvshtml24\/wp-json\/wp\/v2\/pages\/512","targetHints":{"allow":["GET"]}}],"collection":[{"href":"https:\/\/www.tpvsolutions.com.mx\/portaltpvshtml24\/wp-json\/wp\/v2\/pages"}],"about":[{"href":"https:\/\/www.tpvsolutions.com.mx\/portaltpvshtml24\/wp-json\/wp\/v2\/types\/page"}],"author":[{"embeddable":true,"href":"https:\/\/www.tpvsolutions.com.mx\/portaltpvshtml24\/wp-json\/wp\/v2\/users\/2"}],"replies":[{"embeddable":true,"href":"https:\/\/www.tpvsolutions.com.mx\/portaltpvshtml24\/wp-json\/wp\/v2\/comments?post=512"}],"version-history":[{"count":61,"href":"https:\/\/www.tpvsolutions.com.mx\/portaltpvshtml24\/wp-json\/wp\/v2\/pages\/512\/revisions"}],"predecessor-version":[{"id":818,"href":"https:\/\/www.tpvsolutions.com.mx\/portaltpvshtml24\/wp-json\/wp\/v2\/pages\/512\/revisions\/818"}],"wp:attachment":[{"href":"https:\/\/www.tpvsolutions.com.mx\/portaltpvshtml24\/wp-json\/wp\/v2\/media?parent=512"}],"curies":[{"name":"wp","href":"https:\/\/api.w.org\/{rel}","templated":true}]}}